{"id":76,"date":"2020-07-14T06:53:11","date_gmt":"2020-07-14T06:53:11","guid":{"rendered":"https:\/\/regalospardo.com\/blog\/?page_id=76"},"modified":"2025-02-18T13:08:38","modified_gmt":"2025-02-18T12:08:38","slug":"sobre-nosotros","status":"publish","type":"page","link":"https:\/\/www.regalospardo.com\/blog\/sobre-nosotros\/","title":{"rendered":"Sobre nosotros"},"content":{"rendered":"\r\n<p>Nuestra tienda de\u00a0<strong>regalos online<\/strong>\u00a0es la forma de adaptarnos a los nuevos tiempos. <strong>M\u00e1s de 50<\/strong> <strong>a\u00f1os de experiencia <\/strong>en el mundo off line\u00a0y el trato diario con clientes en nuestra tienda f\u00edsica, avalan nuestro trabajo para abrir un nuevo camino a Regalos Pardo en el mundo digital.<\/p>\r\n\r\n\r\n\r\n<h2 class=\"wp-block-heading\">Estamos en Valencia, \u00a1vis\u00edtanos!<\/h2>\r\n\r\n\r\n\r\n<p>Si buscas\u00a0<strong>detalles originales<\/strong>\u00a0en Valencia tambi\u00e9n puedes acercarte a nuestra tienda, un amplio espacio donde encontrar\u00e1s regalos decorativos, bolsos y complementos, art\u00edculos de moda,\u00a0detalles para comuni\u00f3n, bodas, bautizos,\u00a0art\u00edculos falleros, colecciones de moda como\u00a0Gorjuss, peluches, cuadros de metal, maletas, etc. D\u00e9jate asesorar, ponemos a tu disposici\u00f3n nuestros\u00a0<strong>amplios cat\u00e1logos de producto<\/strong>\u00a0para que puedas elegir la mejor opci\u00f3n.<\/p>\r\n\r\n\r\n\r\n<p>Con\u00f3cenos y&#8230; \u00a1marca la diferencia con tus regalos!<\/p>\r\n\r\n\r\n\r\n<h2 class=\"wp-block-heading\">Contacto<\/h2>\r\n\r\n\r\n\r\n<ul class=\"wp-block-list\">\r\n<li><strong>Web<\/strong>:<a href=\"https:\/\/www.regalospardo.com\/\"> regalospardo.com<\/a><\/li>\r\n<li><strong>E-mail<\/strong>:\u00a0<a href=\"mailto:%69%6e%66%6f@%72%65%67%61%6c%6f%73%70%61%72%64%6f.%63%6f%6d\">info@regalospardo.com<\/a><\/li>\r\n<li><strong>Tel<\/strong>:\u00a096 374 20 58<\/li>\r\n<li><strong>Direcci\u00f3n<\/strong>: Ctra. Malilla, 79 bajo &#8211; 46026 (Valencia)<\/li>\r\n<\/ul>\r\n\r\n\r\n\r\n<figure class=\"wp-block-image size-large\"><img loading=\"lazy\" decoding=\"async\" class=\"alignnone wp-image-77\" src=\"https:\/\/www.regalospardo.com\/blog\/wp-content\/uploads\/2020\/07\/rotulo-luminoso-regalos-pardo-1024x702.jpg\" alt=\"Estamos en Valencia, \u00a1vis\u00edtanos!\" width=\"1024\" height=\"702\" srcset=\"https:\/\/www.regalospardo.com\/blog\/wp-content\/uploads\/2020\/07\/rotulo-luminoso-regalos-pardo-1024x702.jpg 1024w, https:\/\/www.regalospardo.com\/blog\/wp-content\/uploads\/2020\/07\/rotulo-luminoso-regalos-pardo-300x206.jpg 300w, https:\/\/www.regalospardo.com\/blog\/wp-content\/uploads\/2020\/07\/rotulo-luminoso-regalos-pardo-768x527.jpg 768w, https:\/\/www.regalospardo.com\/blog\/wp-content\/uploads\/2020\/07\/rotulo-luminoso-regalos-pardo.jpg 1266w\" sizes=\"auto, (max-width: 1024px) 100vw, 1024px\" \/><\/figure>\r\n\r\n\r\n\r\n<p>&nbsp;<\/p>\r\n","protected":false},"excerpt":{"rendered":"<p>Nuestra tienda de\u00a0regalos online\u00a0es la forma de adaptarnos a los nuevos tiempos. M\u00e1s de 50 a\u00f1os de experiencia en el mundo off line\u00a0y el trato diario con clientes en nuestra tienda f\u00edsica, avalan nuestro trabajo para abrir un nuevo camino a Regalos Pardo en el mundo digital. Estamos en Valencia, \u00a1vis\u00edtanos! Si buscas\u00a0detalles originales\u00a0en Valencia &#8230; <a title=\"Sobre nosotros\" class=\"read-more\" href=\"https:\/\/www.regalospardo.com\/blog\/sobre-nosotros\/\" aria-label=\"Leer m\u00e1s sobre Sobre nosotros\">Leer m\u00e1s<\/a><\/p>\n","protected":false},"author":1,"featured_media":0,"parent":0,"menu_order":0,"comment_status":"closed","ping_status":"closed","template":"","meta":{"footnotes":""},"class_list":["post-76","page","type-page","status-publish"],"_links":{"self":[{"href":"https:\/\/www.regalospardo.com\/blog\/wp-json\/wp\/v2\/pages\/76","targetHints":{"allow":["GET"]}}],"collection":[{"href":"https:\/\/www.regalospardo.com\/blog\/wp-json\/wp\/v2\/pages"}],"about":[{"href":"https:\/\/www.regalospardo.com\/blog\/wp-json\/wp\/v2\/types\/page"}],"author":[{"embeddable":true,"href":"https:\/\/www.regalospardo.com\/blog\/wp-json\/wp\/v2\/users\/1"}],"replies":[{"embeddable":true,"href":"https:\/\/www.regalospardo.com\/blog\/wp-json\/wp\/v2\/comments?post=76"}],"version-history":[{"count":2,"href":"https:\/\/www.regalospardo.com\/blog\/wp-json\/wp\/v2\/pages\/76\/revisions"}],"predecessor-version":[{"id":206,"href":"https:\/\/www.regalospardo.com\/blog\/wp-json\/wp\/v2\/pages\/76\/revisions\/206"}],"wp:attachment":[{"href":"https:\/\/www.regalospardo.com\/blog\/wp-json\/wp\/v2\/media?parent=76"}],"curies":[{"name":"wp","href":"https:\/\/api.w.org\/{rel}","templated":true}]}}